{"id":578,"date":"2022-09-30T22:23:35","date_gmt":"2022-09-30T22:23:35","guid":{"rendered":"https:\/\/alva-atelier.com\/?page_id=578"},"modified":"2022-10-01T12:37:11","modified_gmt":"2022-10-01T12:37:11","slug":"claire-colombe-chasubliere","status":"publish","type":"page","link":"https:\/\/alva-atelier.com\/?page_id=578","title":{"rendered":"Claire-Colombe, chasubli\u00e8re"},"content":{"rendered":"\n<div class=\"wp-block-media-text has-media-on-the-right is-stacked-on-mobile is-vertically-aligned-center\" style=\"grid-template-columns:auto 25%\"><figure class=\"wp-block-media-text__media\"><img loading=\"lazy\" width=\"683\" height=\"1024\" src=\"http:\/\/alva-atelier.com\/wp-content\/uploads\/2022\/09\/DSC_0496-2-683x1024.jpg\" alt=\"\" class=\"wp-image-253 size-full\" srcset=\"https:\/\/alva-atelier.com\/wp-content\/uploads\/2022\/09\/DSC_0496-2-683x1024.jpg 683w, https:\/\/alva-atelier.com\/wp-content\/uploads\/2022\/09\/DSC_0496-2-200x300.jpg 200w, https:\/\/alva-atelier.com\/wp-content\/uploads\/2022\/09\/DSC_0496-2-768x1152.jpg 768w, https:\/\/alva-atelier.com\/wp-content\/uploads\/2022\/09\/DSC_0496-2-1024x1536.jpg 1024w, https:\/\/alva-atelier.com\/wp-content\/uploads\/2022\/09\/DSC_0496-2-1365x2048.jpg 1365w, https:\/\/alva-atelier.com\/wp-content\/uploads\/2022\/09\/DSC_0496-2-scaled.jpg 1707w\" sizes=\"(max-width: 683px) 100vw, 683px\" \/><\/figure><div class=\"wp-block-media-text__content\">\n<h2 class=\"has-emperor-color has-text-color has-larger-font-size\" style=\"font-style:italic;font-weight:100\">                          Le Beau \u00e9l\u00e8ve l&rsquo;\u00e2me<\/h2>\n\n\n\n<p class=\"has-drop-cap has-text-color\" style=\"color:#046887;font-size:20px\">Rome 16 avril 2005. Dans une petite chapelle, je fis la rencontre qui bouleversa ma vie. J\u00e9sus Hostie s&rsquo;offrait \u00e0 moi pour la premi\u00e8re fois.<\/p>\n\n\n\n<p style=\"font-size:20px;font-style:normal;font-weight:100\"><em>&nbsp;\u00ab\u00a0Qu\u2019il fut doux le premier baiser de J\u00e9sus \u00e0 mon \u00e2me<small>&nbsp;<\/small>!\u00a0\u00bb&nbsp;<\/em>                 Sainte Th\u00e9r\u00e8se de l&rsquo;Enfant J\u00e9sus<\/p>\n\n\n\n<p class=\"has-text-color\" style=\"color:#046887;font-size:20px\">Depuis ce jour l\u00e0, mon amour pour le Christ n&rsquo;a cess\u00e9 de s&rsquo;\u00e9panouir. Ma foi a grandi \u00e0 travers ma famille, le scoutisme et mes diff\u00e9rents engagements pour l&rsquo;Eglise. <\/p>\n\n\n\n<p style=\"font-size:20px;font-style:italic;font-weight:200\">         Pourquoi Atelier ALVA ? <\/p>\n\n\n\n<p class=\"has-text-color\" style=\"color:#046887;font-size:20px\">Dipl\u00f4m\u00e9e d&rsquo;un CAP couture et d&rsquo;un BTS mod\u00e9lisme option stylisme, j&rsquo;ai \u00e0 coeur de mettre mes talents au service de l&rsquo;Eglise.<\/p>\n\n\n\n<p class=\"has-text-color\" style=\"color:#046887;font-size:20px\">ALVA veut dire blanche en romanche ( une des langues Suisse). Doux trait d&rsquo;union entre mon pr\u00e9nom et la couleur liturgique des jours de f\u00eate, Alva est surtout un hommage \u00e0 ma grand-m\u00e8re suisse. Po\u00e8te \u00e0 la plume inspir\u00e9e par notre Seigneur , elle m&rsquo;a laiss\u00e9 en h\u00e9ritage la richesse de ses po\u00e8mes et l&rsquo;amour du Beau. <\/p>\n<\/div><\/div>\n\n\n\n<p class=\"has-white-color has-text-color has-background\" style=\"background-color:#04698796;font-size:22px;font-style:italic;font-weight:200\">\u00ab\u00a0Au nom de la Beaut\u00e9, je me fis p\u00e8lerin <br>Et je dis \u00e0 mon si\u00e8cle: il faut que tu la sauves !\u00a0\u00bb <br>Anne-Marie Fanton-Curty<\/p>\n","protected":false},"excerpt":{"rendered":"<p>Le Beau \u00e9l\u00e8ve l&rsquo;\u00e2me Rome 16 avril 2005. Dans une petite chapelle, je fis la [&hellip;]<\/p>\n","protected":false},"author":1,"featured_media":0,"parent":0,"menu_order":0,"comment_status":"closed","ping_status":"closed","template":"","meta":{"om_disable_all_campaigns":false,"_monsterinsights_skip_tracking":false,"_monsterinsights_sitenote_active":false,"_monsterinsights_sitenote_note":"","_monsterinsights_sitenote_category":0},"aioseo_notices":[],"uagb_featured_image_src":{"full":false,"thumbnail":false,"medium":false,"medium_large":false,"large":false,"1536x1536":false,"2048x2048":false,"post-thumbnail":false},"uagb_author_info":{"display_name":"claireco.fanton@gmail.com","author_link":"https:\/\/alva-atelier.com\/?author=1"},"uagb_comment_info":0,"uagb_excerpt":"Le Beau \u00e9l\u00e8ve l&rsquo;\u00e2me Rome 16 avril 2005. Dans une petite chapelle, je fis la [&hellip;]","_links":{"self":[{"href":"https:\/\/alva-atelier.com\/index.php?rest_route=\/wp\/v2\/pages\/578"}],"collection":[{"href":"https:\/\/alva-atelier.com\/index.php?rest_route=\/wp\/v2\/pages"}],"about":[{"href":"https:\/\/alva-atelier.com\/index.php?rest_route=\/wp\/v2\/types\/page"}],"author":[{"embeddable":true,"href":"https:\/\/alva-atelier.com\/index.php?rest_route=\/wp\/v2\/users\/1"}],"replies":[{"embeddable":true,"href":"https:\/\/alva-atelier.com\/index.php?rest_route=%2Fwp%2Fv2%2Fcomments&post=578"}],"version-history":[{"count":17,"href":"https:\/\/alva-atelier.com\/index.php?rest_route=\/wp\/v2\/pages\/578\/revisions"}],"predecessor-version":[{"id":641,"href":"https:\/\/alva-atelier.com\/index.php?rest_route=\/wp\/v2\/pages\/578\/revisions\/641"}],"wp:attachment":[{"href":"https:\/\/alva-atelier.com\/index.php?rest_route=%2Fwp%2Fv2%2Fmedia&parent=578"}],"curies":[{"name":"wp","href":"https:\/\/api.w.org\/{rel}","templated":true}]}}