{"id":564,"date":"2022-09-30T21:51:54","date_gmt":"2022-09-30T21:51:54","guid":{"rendered":"https:\/\/alva-atelier.com\/?page_id=564"},"modified":"2022-10-01T12:45:36","modified_gmt":"2022-10-01T12:45:36","slug":"services-proposes","status":"publish","type":"page","link":"https:\/\/alva-atelier.com\/?page_id=564","title":{"rendered":"Services propos\u00e9s"},"content":{"rendered":"\n<p class=\"has-text-color has-huge-font-size\" style=\"color:#046887;font-style:normal;font-weight:100\">Les services propos\u00e9s<\/p>\n\n\n\n<div class=\"wp-block-cover alignfull\" style=\"min-height:750px\"><span aria-hidden=\"true\" class=\"wp-block-cover__background has-background-dim-40 has-background-dim\" style=\"background-color:#077ea2\"><\/span><div class=\"wp-block-cover__inner-container\">\n<p><\/p>\n\n\n\n<div class=\"wp-container-5 wp-block-columns alignwide are-vertically-aligned-center\">\n<div class=\"wp-container-2 wp-block-column is-vertically-aligned-center has-white-background-color has-background\">\n<div class=\"wp-container-1 wp-block-group alignfull has-primary-color has-text-color has-background\" style=\"background-color:#38383800\"><div class=\"wp-block-group__inner-container\">\n<h5 class=\"has-text-align-center has-text-color has-larger-font-size\" style=\"color:#077ea2;font-style:normal;font-weight:100\">Ornements liturgiques<\/h5>\n\n\n\n<p class=\"has-text-align-center has-text-color has-regular-font-size\" style=\"color:#077ea2;font-style:normal;font-weight:400\">Je vous propose \u00e0 la confection chasubles, chapes, \u00e9toles de diacre, dalmatiques, voiles de calices. <\/p>\n<\/div><\/div>\n<\/div>\n\n\n\n<div class=\"wp-container-4 wp-block-column is-vertically-aligned-center\">\n<div class=\"wp-container-3 wp-block-group alignfull has-primary-color has-white-background-color has-text-color has-background\"><div class=\"wp-block-group__inner-container\">\n<h5 class=\"has-text-align-center has-text-color has-larger-font-size\" style=\"color:#077ea2;font-style:normal;font-weight:100\"> Enti\u00e8rement personnalisable<\/h5>\n\n\n\n<p class=\"has-text-align-center has-white-background-color has-text-color has-background\" style=\"color:#077ea2\">Du tissu \u00e0 la broderie en passant par les galons; tout est enti\u00e8rement personnalisable. Il est aussi possible de vous cr\u00e9er la broderie. Nous prendrons ensemble le temps de choisir la forme de chasuble ainsi que le tissu et les galons qui s&rsquo;harmoniserons le mieux.  <\/p>\n<\/div><\/div>\n<\/div>\n<\/div>\n\n\n\n<div class=\"wp-container-10 wp-block-columns alignwide are-vertically-aligned-center\">\n<div class=\"wp-container-7 wp-block-column is-vertically-aligned-center\">\n<div class=\"wp-container-6 wp-block-group alignfull has-primary-color has-white-background-color has-text-color has-background\"><div class=\"wp-block-group__inner-container\">\n<h5 class=\"has-text-align-center has-text-color has-larger-font-size\" style=\"color:#046887;font-style:normal;font-weight:100\"> Tarifs et d\u00e9lai<\/h5>\n\n\n\n<p class=\"has-text-align-center has-text-color\" style=\"color:#046887\">Pour la r\u00e9alisation d&rsquo;un ornement liturgique sur mesure, il faut pr\u00e9voir un d\u00e9lai d&rsquo;un \u00e0 deux mois de confection.<br>Pour une chasuble, budget \u00e0 partir de 350\u20ac (fournitures comprises).<br>Pour une \u00e9tole de diacre, budget \u00e0 partir de 100\u20ac (fournitures comprises).<\/p>\n<\/div><\/div>\n<\/div>\n\n\n\n<div class=\"wp-container-9 wp-block-column is-vertically-aligned-center\">\n<div class=\"wp-container-8 wp-block-group alignfull has-primary-color has-white-background-color has-text-color has-background\"><div class=\"wp-block-group__inner-container\">\n<h5 class=\"has-text-align-center has-text-color has-larger-font-size\" style=\"color:#046887;font-style:normal;font-weight:100\"> Laudato Si<\/h5>\n\n\n\n<p class=\"has-text-align-center has-text-color\" style=\"color:#046887\">Nos tissus et galons proviennent tous exclusivement d&rsquo;Europe. <br>Je r\u00e9alise toutes vos cr\u00e9ations \u00e0 la main dans mon atelier Agenais.   <\/p>\n<\/div><\/div>\n<\/div>\n<\/div>\n<\/div><\/div>\n","protected":false},"excerpt":{"rendered":"<p>Les services propos\u00e9s<\/p>\n","protected":false},"author":1,"featured_media":0,"parent":0,"menu_order":0,"comment_status":"closed","ping_status":"closed","template":"","meta":{"om_disable_all_campaigns":false,"_monsterinsights_skip_tracking":false,"_monsterinsights_sitenote_active":false,"_monsterinsights_sitenote_note":"","_monsterinsights_sitenote_category":0},"aioseo_notices":[],"uagb_featured_image_src":{"full":false,"thumbnail":false,"medium":false,"medium_large":false,"large":false,"1536x1536":false,"2048x2048":false,"post-thumbnail":false},"uagb_author_info":{"display_name":"claireco.fanton@gmail.com","author_link":"https:\/\/alva-atelier.com\/?author=1"},"uagb_comment_info":0,"uagb_excerpt":"Les services propos\u00e9s","_links":{"self":[{"href":"https:\/\/alva-atelier.com\/index.php?rest_route=\/wp\/v2\/pages\/564"}],"collection":[{"href":"https:\/\/alva-atelier.com\/index.php?rest_route=\/wp\/v2\/pages"}],"about":[{"href":"https:\/\/alva-atelier.com\/index.php?rest_route=\/wp\/v2\/types\/page"}],"author":[{"embeddable":true,"href":"https:\/\/alva-atelier.com\/index.php?rest_route=\/wp\/v2\/users\/1"}],"replies":[{"embeddable":true,"href":"https:\/\/alva-atelier.com\/index.php?rest_route=%2Fwp%2Fv2%2Fcomments&post=564"}],"version-history":[{"count":20,"href":"https:\/\/alva-atelier.com\/index.php?rest_route=\/wp\/v2\/pages\/564\/revisions"}],"predecessor-version":[{"id":649,"href":"https:\/\/alva-atelier.com\/index.php?rest_route=\/wp\/v2\/pages\/564\/revisions\/649"}],"wp:attachment":[{"href":"https:\/\/alva-atelier.com\/index.php?rest_route=%2Fwp%2Fv2%2Fmedia&parent=564"}],"curies":[{"name":"wp","href":"https:\/\/api.w.org\/{rel}","templated":true}]}}