{"id":422,"date":"2022-09-26T16:56:34","date_gmt":"2022-09-26T16:56:34","guid":{"rendered":"https:\/\/alva-atelier.com\/?page_id=422"},"modified":"2022-10-01T12:57:41","modified_gmt":"2022-10-01T12:57:41","slug":"bienvenue","status":"publish","type":"page","link":"https:\/\/alva-atelier.com\/","title":{"rendered":""},"content":{"rendered":"\n<div class=\"wp-block-uagb-container uagb-block-05637961 alignfull uagb-is-root-container\"><div class=\"uagb-container-inner-blocks-wrap\">\n<div class=\"wp-block-uagb-advanced-heading uagb-block-3f6540f2\"><h5 class=\"uagb-heading-text\">BIENVENUE<\/h5><div class=\"uagb-separator\"><\/div><p class=\"uagb-desc-text\"><em>Offrir ou s&rsquo;offrir une chasuble, un ornement liturgique est une merveilleuse id\u00e9e !<\/em><br><em>On peut offrir une chasuble ou un ornement liturgique pour une multitude d&rsquo;occasions ! Bien s\u00fbr pour une ordination ou un anniversaire mais pas seulement; c&rsquo;est aussi une belle mani\u00e8re de remercier le pr\u00eatre accompagnateur d&rsquo;un groupe scout, d&rsquo;une \u00e9quipe END, d&rsquo;une aum\u00f4nerie, \u00e0 la fin d&rsquo;une pr\u00e9paration au mariage ou au bapt\u00eame&#8230;.<\/em><\/p><\/div>\n<\/div><\/div>\n\n\n\n<div class=\"wp-container-2 wp-block-group\"><div class=\"wp-block-group__inner-container\">\n<div class=\"wp-container-1 wp-block-group\"><div class=\"wp-block-group__inner-container\">\n<div class=\"wp-block-uagb-container uagb-block-a1272515 alignfull uagb-is-root-container\"><div class=\"uagb-container-inner-blocks-wrap\">\n<div class=\"wp-block-uagb-blockquote uagb-block-173819fa uagb-blockquote__skin-quotation uagb-blockquote__align-center uagb-blockquote__style-style_1 uagb-blockquote__stack-img-none\"><blockquote class=\"uagb-blockquote\"><span class=\"uagb-blockquote__icon\"><svg width=\"20\" height=\"20\" viewBox=\"0 0 32 32\"><path d=\"M7.031 14c3.866 0 7 3.134 7 7s-3.134 7-7 7-7-3.134-7-7l-0.031-1c0-7.732 6.268-14 14-14v4c-2.671 0-5.182 1.040-7.071 2.929-0.364 0.364-0.695 0.751-0.995 1.157 0.357-0.056 0.724-0.086 1.097-0.086zM25.031 14c3.866 0 7 3.134 7 7s-3.134 7-7 7-7-3.134-7-7l-0.031-1c0-7.732 6.268-14 14-14v4c-2.671 0-5.182 1.040-7.071 2.929-0.364 0.364-0.695 0.751-0.995 1.157 0.358-0.056 0.724-0.086 1.097-0.086z\"><\/path><\/svg><\/span><div class=\"uagb-blockquote__content\">La beaut\u00e9 v\u00e9ritable est l&rsquo;amour de Dieu, qui s&rsquo;est d\u00e9finitivement r\u00e9v\u00e9l\u00e9     \u00e0 nous dans le myst\u00e8re pascal.<\/div><footer><div class=\"uagb-blockquote__author-wrap uagb-blockquote__author-at-left\"><cite class=\"uagb-blockquote__author\"><strong>Benoit XVI<\/strong><br>Sacramentum Caritatis<\/cite><\/div><\/footer><\/blockquote><\/div>\n<\/div><\/div>\n<\/div><\/div>\n<\/div><\/div>\n","protected":false},"excerpt":{"rendered":"","protected":false},"author":1,"featured_media":0,"parent":0,"menu_order":0,"comment_status":"closed","ping_status":"closed","template":"","meta":{"om_disable_all_campaigns":false,"_monsterinsights_skip_tracking":false,"_monsterinsights_sitenote_active":false,"_monsterinsights_sitenote_note":"","_monsterinsights_sitenote_category":0},"aioseo_notices":[],"uagb_featured_image_src":{"full":false,"thumbnail":false,"medium":false,"medium_large":false,"large":false,"1536x1536":false,"2048x2048":false,"post-thumbnail":false},"uagb_author_info":{"display_name":"claireco.fanton@gmail.com","author_link":"https:\/\/alva-atelier.com\/?author=1"},"uagb_comment_info":0,"uagb_excerpt":null,"_links":{"self":[{"href":"https:\/\/alva-atelier.com\/index.php?rest_route=\/wp\/v2\/pages\/422"}],"collection":[{"href":"https:\/\/alva-atelier.com\/index.php?rest_route=\/wp\/v2\/pages"}],"about":[{"href":"https:\/\/alva-atelier.com\/index.php?rest_route=\/wp\/v2\/types\/page"}],"author":[{"embeddable":true,"href":"https:\/\/alva-atelier.com\/index.php?rest_route=\/wp\/v2\/users\/1"}],"replies":[{"embeddable":true,"href":"https:\/\/alva-atelier.com\/index.php?rest_route=%2Fwp%2Fv2%2Fcomments&post=422"}],"version-history":[{"count":32,"href":"https:\/\/alva-atelier.com\/index.php?rest_route=\/wp\/v2\/pages\/422\/revisions"}],"predecessor-version":[{"id":651,"href":"https:\/\/alva-atelier.com\/index.php?rest_route=\/wp\/v2\/pages\/422\/revisions\/651"}],"wp:attachment":[{"href":"https:\/\/alva-atelier.com\/index.php?rest_route=%2Fwp%2Fv2%2Fmedia&parent=422"}],"curies":[{"name":"wp","href":"https:\/\/api.w.org\/{rel}","templated":true}]}}